{"id":296,"date":"2022-08-15T21:52:16","date_gmt":"2022-08-15T21:52:16","guid":{"rendered":"https:\/\/reihanebrahimi.com\/?page_id=296"},"modified":"2023-01-19T21:09:29","modified_gmt":"2023-01-19T21:09:29","slug":"loop-in-loop","status":"publish","type":"page","link":"https:\/\/reihanebrahimi.com\/?page_id=296","title":{"rendered":"Loop in Loop"},"content":{"rendered":"\t\t<div data-elementor-type=\"wp-page\" data-elementor-id=\"296\" class=\"elementor elementor-296\">\n\t\t\t\t\t\t<section class=\"elementor-section elementor-top-section elementor-element elementor-element-524b6fed elementor-section-height-min-height elementor-section-items-stretch elementor-section-content-middle elementor-section-boxed elementor-section-height-default\" data-id=\"524b6fed\" data-element_type=\"section\" data-e-type=\"section\">\n\t\t\t\t\t\t<div class=\"elementor-container elementor-column-gap-no\">\n\t\t\t\t\t<div class=\"elementor-column elementor-col-50 elementor-top-column elementor-element elementor-element-552ca107\" data-id=\"552ca107\" data-element_type=\"column\" data-e-type=\"column\">\n\t\t\t<div class=\"elementor-widget-wrap elementor-element-populated\">\n\t\t\t\t\t\t<div class=\"elementor-element elementor-element-2f21b9f4 elementor-invisible elementor-widget elementor-widget-heading\" data-id=\"2f21b9f4\" data-element_type=\"widget\" data-e-type=\"widget\" data-settings=\"{&quot;_animation&quot;:&quot;fadeIn&quot;,&quot;_animation_delay&quot;:&quot;200&quot;}\" data-widget_type=\"heading.default\">\n\t\t\t\t<div class=\"elementor-widget-container\">\n\t\t\t\t\t<h6 class=\"elementor-heading-title elementor-size-default\">Loop in Loop<\/h6>\t\t\t\t<\/div>\n\t\t\t\t<\/div>\n\t\t\t\t<div class=\"elementor-element elementor-element-92e281d elementor-invisible elementor-widget elementor-widget-heading\" data-id=\"92e281d\" data-element_type=\"widget\" data-e-type=\"widget\" data-settings=\"{&quot;_animation&quot;:&quot;fadeIn&quot;,&quot;_animation_delay&quot;:&quot;200&quot;}\" data-widget_type=\"heading.default\">\n\t\t\t\t<div class=\"elementor-widget-container\">\n\t\t\t\t\t<h3 class=\"elementor-heading-title elementor-size-default\">Stoneware and terrasigilata <br>\n(5x5x3 m)<br>\n2021\n\n<\/h3>\t\t\t\t<\/div>\n\t\t\t\t<\/div>\n\t\t\t\t<div class=\"elementor-element elementor-element-1a803072 elementor-widget-divider--view-line elementor-widget elementor-widget-divider\" data-id=\"1a803072\" data-element_type=\"widget\" data-e-type=\"widget\" data-widget_type=\"divider.default\">\n\t\t\t\t<div class=\"elementor-widget-container\">\n\t\t\t\t\t\t\t<div class=\"elementor-divider\">\n\t\t\t<span class=\"elementor-divider-separator\">\n\t\t\t\t\t\t<\/span>\n\t\t<\/div>\n\t\t\t\t\t\t<\/div>\n\t\t\t\t<\/div>\n\t\t\t\t<div class=\"elementor-element elementor-element-2b8c08ee elementor-widget elementor-widget-text-editor\" data-id=\"2b8c08ee\" data-element_type=\"widget\" data-e-type=\"widget\" data-widget_type=\"text-editor.default\">\n\t\t\t\t<div class=\"elementor-widget-container\">\n\t\t\t\t\t\t\t\t\t<p dir=\"ltr\"><em>\u201cGrappling with the chain, I am drawn to reform the twisted knots.\u00a0<\/em><br \/><em>One structure alters into another.\u00a0<\/em><br \/><em>I am constantly shifting in the loops.\u00a0<\/em><br \/><em>My hands untangle the rings, my eyes discover new ones.\u00a0<\/em><br \/><em>Observing the coils of pain and joy, I dance in time.\u00a0<\/em><br \/><em>Exploring the infinite possibilities empowers me to carry on.\u201d\u00a0<\/em><\/p>\t\t\t\t\t\t\t\t<\/div>\n\t\t\t\t<\/div>\n\t\t\t\t<div class=\"elementor-element elementor-element-f88065f elementor-widget-divider--view-line elementor-widget elementor-widget-divider\" data-id=\"f88065f\" data-element_type=\"widget\" data-e-type=\"widget\" data-widget_type=\"divider.default\">\n\t\t\t\t<div class=\"elementor-widget-container\">\n\t\t\t\t\t\t\t<div class=\"elementor-divider\">\n\t\t\t<span class=\"elementor-divider-separator\">\n\t\t\t\t\t\t<\/span>\n\t\t<\/div>\n\t\t\t\t\t\t<\/div>\n\t\t\t\t<\/div>\n\t\t\t\t<div class=\"elementor-element elementor-element-dfc0d81 elementor-widget elementor-widget-text-editor\" data-id=\"dfc0d81\" data-element_type=\"widget\" data-e-type=\"widget\" data-widget_type=\"text-editor.default\">\n\t\t\t\t<div class=\"elementor-widget-container\">\n\t\t\t\t\t\t\t\t\t<p dir=\"ltr\"><em>&#8220;En m&#8217;emparant de la cha\u00eene, je suis attir\u00e9 pour reformer les n\u0153uds tordus. Une structure se transforme en une autre.\u00a0<\/em><br \/><em>Je me d\u00e9place constamment dans les boucles.\u00a0<\/em><br \/><em>Mes mains d\u00e9m\u00ealent les anneaux, mes yeux en d\u00e9couvrent de nouveaux.<br \/>En observant les bobines de douleur et de joie, je danse dans le temps.\u00a0<\/em><br \/><em>L&#8217;exploration des possibilit\u00e9s infinies me donne la force de continuer.&#8221;\u00a0<\/em><\/p>\t\t\t\t\t\t\t\t<\/div>\n\t\t\t\t<\/div>\n\t\t\t\t\t<\/div>\n\t\t<\/div>\n\t\t\t\t<div class=\"elementor-column elementor-col-50 elementor-top-column elementor-element elementor-element-4824ac1d\" data-id=\"4824ac1d\" data-element_type=\"column\" data-e-type=\"column\" data-settings=\"{&quot;background_background&quot;:&quot;classic&quot;}\">\n\t\t\t<div class=\"elementor-widget-wrap elementor-element-populated\">\n\t\t\t\t\t<div class=\"elementor-background-overlay\"><\/div>\n\t\t\t\t\t\t<div class=\"elementor-element elementor-element-2dd81e5e elementor-invisible elementor-widget elementor-widget-image\" data-id=\"2dd81e5e\" data-element_type=\"widget\" data-e-type=\"widget\" data-settings=\"{&quot;_animation&quot;:&quot;fadeIn&quot;}\" data-widget_type=\"image.default\">\n\t\t\t\t<div class=\"elementor-widget-container\">\n\t\t\t\t\t\t\t\t\t\t\t\t\t\t\t<img fetchpriority=\"high\" decoding=\"async\" width=\"900\" height=\"732\" src=\"https:\/\/reihanebrahimi.com\/wp-content\/uploads\/2023\/01\/Loop-in-loop_Reihan-Ebrahimi_05.jpg\" class=\"attachment-full size-full wp-image-908\" alt=\"\" srcset=\"https:\/\/reihanebrahimi.com\/wp-content\/uploads\/2023\/01\/Loop-in-loop_Reihan-Ebrahimi_05.jpg 900w, https:\/\/reihanebrahimi.com\/wp-content\/uploads\/2023\/01\/Loop-in-loop_Reihan-Ebrahimi_05-300x244.jpg 300w, https:\/\/reihanebrahimi.com\/wp-content\/uploads\/2023\/01\/Loop-in-loop_Reihan-Ebrahimi_05-768x625.jpg 768w\" sizes=\"(max-width: 900px) 100vw, 900px\" \/>\t\t\t\t\t\t\t\t\t\t\t\t\t\t\t<\/div>\n\t\t\t\t<\/div>\n\t\t\t\t\t<\/div>\n\t\t<\/div>\n\t\t\t\t\t<\/div>\n\t\t<\/section>\n\t\t\t\t<section class=\"elementor-section elementor-top-section elementor-element elementor-element-af31daa elementor-section-boxed elementor-section-height-default elementor-section-height-default\" data-id=\"af31daa\" data-element_type=\"section\" data-e-type=\"section\">\n\t\t\t\t\t\t<div class=\"elementor-container elementor-column-gap-default\">\n\t\t\t\t\t<div class=\"elementor-column elementor-col-100 elementor-top-column elementor-element elementor-element-6c7e399\" data-id=\"6c7e399\" data-element_type=\"column\" data-e-type=\"column\">\n\t\t\t<div class=\"elementor-widget-wrap elementor-element-populated\">\n\t\t\t\t\t\t<div class=\"elementor-element elementor-element-23cc9a6 gallery-spacing-custom elementor-widget elementor-widget-image-gallery\" data-id=\"23cc9a6\" data-element_type=\"widget\" data-e-type=\"widget\" data-widget_type=\"image-gallery.default\">\n\t\t\t\t<div class=\"elementor-widget-container\">\n\t\t\t\t\t\t\t<div class=\"elementor-image-gallery\">\n\t\t\t<div id='gallery-1' class='gallery galleryid-296 gallery-columns-3 gallery-size-large'><figure class='gallery-item'>\n\t\t\t<div class='gallery-icon portrait'>\n\t\t\t\t<a data-elementor-open-lightbox=\"yes\" data-elementor-lightbox-slideshow=\"23cc9a6\" data-elementor-lightbox-title=\"Loop-in-loop_Reihan-Ebrahimi_02\" data-e-action-hash=\"#elementor-action%3Aaction%3Dlightbox%26settings%3DeyJpZCI6OTEyLCJ1cmwiOiJodHRwczpcL1wvcmVpaGFuZWJyYWhpbWkuY29tXC93cC1jb250ZW50XC91cGxvYWRzXC8yMDIzXC8wMVwvTG9vcC1pbi1sb29wX1JlaWhhbi1FYnJhaGltaV8wMi0xLmpwZyIsInNsaWRlc2hvdyI6IjIzY2M5YTYifQ%3D%3D\" href='https:\/\/reihanebrahimi.com\/wp-content\/uploads\/2023\/01\/Loop-in-loop_Reihan-Ebrahimi_02-1.jpg'><img decoding=\"async\" width=\"768\" height=\"1024\" src=\"https:\/\/reihanebrahimi.com\/wp-content\/uploads\/2023\/01\/Loop-in-loop_Reihan-Ebrahimi_02-1-768x1024.jpg\" class=\"attachment-large size-large\" alt=\"\" aria-describedby=\"gallery-1-912\" srcset=\"https:\/\/reihanebrahimi.com\/wp-content\/uploads\/2023\/01\/Loop-in-loop_Reihan-Ebrahimi_02-1-768x1024.jpg 768w, https:\/\/reihanebrahimi.com\/wp-content\/uploads\/2023\/01\/Loop-in-loop_Reihan-Ebrahimi_02-1-225x300.jpg 225w, https:\/\/reihanebrahimi.com\/wp-content\/uploads\/2023\/01\/Loop-in-loop_Reihan-Ebrahimi_02-1.jpg 810w\" sizes=\"(max-width: 768px) 100vw, 768px\" \/><\/a>\n\t\t\t<\/div>\n\t\t\t\t<figcaption class='wp-caption-text gallery-caption' id='gallery-1-912'>\n\t\t\t\tphoto: Jules Delorge\n\t\t\t\t<\/figcaption><\/figure><figure class='gallery-item'>\n\t\t\t<div class='gallery-icon portrait'>\n\t\t\t\t<a data-elementor-open-lightbox=\"yes\" data-elementor-lightbox-slideshow=\"23cc9a6\" data-elementor-lightbox-title=\"Loop-in-loop_Reihan-Ebrahimi_01\" data-e-action-hash=\"#elementor-action%3Aaction%3Dlightbox%26settings%3DeyJpZCI6OTA2LCJ1cmwiOiJodHRwczpcL1wvcmVpaGFuZWJyYWhpbWkuY29tXC93cC1jb250ZW50XC91cGxvYWRzXC8yMDIzXC8wMVwvTG9vcC1pbi1sb29wX1JlaWhhbi1FYnJhaGltaV8wMS5qcGciLCJzbGlkZXNob3ciOiIyM2NjOWE2In0%3D\" href='https:\/\/reihanebrahimi.com\/wp-content\/uploads\/2023\/01\/Loop-in-loop_Reihan-Ebrahimi_01.jpg'><img decoding=\"async\" width=\"768\" height=\"1024\" src=\"https:\/\/reihanebrahimi.com\/wp-content\/uploads\/2023\/01\/Loop-in-loop_Reihan-Ebrahimi_01-768x1024.jpg\" class=\"attachment-large size-large\" alt=\"\" aria-describedby=\"gallery-1-906\" srcset=\"https:\/\/reihanebrahimi.com\/wp-content\/uploads\/2023\/01\/Loop-in-loop_Reihan-Ebrahimi_01-768x1024.jpg 768w, https:\/\/reihanebrahimi.com\/wp-content\/uploads\/2023\/01\/Loop-in-loop_Reihan-Ebrahimi_01-225x300.jpg 225w, https:\/\/reihanebrahimi.com\/wp-content\/uploads\/2023\/01\/Loop-in-loop_Reihan-Ebrahimi_01.jpg 900w\" sizes=\"(max-width: 768px) 100vw, 768px\" \/><\/a>\n\t\t\t<\/div>\n\t\t\t\t<figcaption class='wp-caption-text gallery-caption' id='gallery-1-906'>\n\t\t\t\tphoto: Hadi Jamali\n\t\t\t\t<\/figcaption><\/figure><figure class='gallery-item'>\n\t\t\t<div class='gallery-icon portrait'>\n\t\t\t\t<a data-elementor-open-lightbox=\"yes\" data-elementor-lightbox-slideshow=\"23cc9a6\" data-elementor-lightbox-title=\"Loop-in-loop_Reihan-Ebrahimi_04\" data-e-action-hash=\"#elementor-action%3Aaction%3Dlightbox%26settings%3DeyJpZCI6OTEzLCJ1cmwiOiJodHRwczpcL1wvcmVpaGFuZWJyYWhpbWkuY29tXC93cC1jb250ZW50XC91cGxvYWRzXC8yMDIzXC8wMVwvTG9vcC1pbi1sb29wX1JlaWhhbi1FYnJhaGltaV8wNC0xLmpwZyIsInNsaWRlc2hvdyI6IjIzY2M5YTYifQ%3D%3D\" href='https:\/\/reihanebrahimi.com\/wp-content\/uploads\/2023\/01\/Loop-in-loop_Reihan-Ebrahimi_04-1.jpg'><img loading=\"lazy\" decoding=\"async\" width=\"768\" height=\"1024\" src=\"https:\/\/reihanebrahimi.com\/wp-content\/uploads\/2023\/01\/Loop-in-loop_Reihan-Ebrahimi_04-1-768x1024.jpg\" class=\"attachment-large size-large\" alt=\"\" aria-describedby=\"gallery-1-913\" srcset=\"https:\/\/reihanebrahimi.com\/wp-content\/uploads\/2023\/01\/Loop-in-loop_Reihan-Ebrahimi_04-1-768x1024.jpg 768w, https:\/\/reihanebrahimi.com\/wp-content\/uploads\/2023\/01\/Loop-in-loop_Reihan-Ebrahimi_04-1-225x300.jpg 225w, https:\/\/reihanebrahimi.com\/wp-content\/uploads\/2023\/01\/Loop-in-loop_Reihan-Ebrahimi_04-1.jpg 900w\" sizes=\"(max-width: 768px) 100vw, 768px\" \/><\/a>\n\t\t\t<\/div>\n\t\t\t\t<figcaption class='wp-caption-text gallery-caption' id='gallery-1-913'>\n\t\t\t\tphoto: Jules Delorge\n\t\t\t\t<\/figcaption><\/figure><figure class='gallery-item'>\n\t\t\t<div class='gallery-icon landscape'>\n\t\t\t\t<a data-elementor-open-lightbox=\"yes\" data-elementor-lightbox-slideshow=\"23cc9a6\" data-elementor-lightbox-title=\"Reihan-Ebrahimi-Loop-in-Loop03\" data-e-action-hash=\"#elementor-action%3Aaction%3Dlightbox%26settings%3DeyJpZCI6MzA5LCJ1cmwiOiJodHRwczpcL1wvcmVpaGFuZWJyYWhpbWkuY29tXC93cC1jb250ZW50XC91cGxvYWRzXC8yMDIyXC8wOFwvUmVpaGFuLUVicmFoaW1pLUxvb3AtaW4tTG9vcDAzLTEuanBnIiwic2xpZGVzaG93IjoiMjNjYzlhNiJ9\" href='https:\/\/reihanebrahimi.com\/wp-content\/uploads\/2022\/08\/Reihan-Ebrahimi-Loop-in-Loop03-1.jpg'><img loading=\"lazy\" decoding=\"async\" width=\"800\" height=\"800\" src=\"https:\/\/reihanebrahimi.com\/wp-content\/uploads\/2022\/08\/Reihan-Ebrahimi-Loop-in-Loop03-1.jpg\" class=\"attachment-large size-large\" alt=\"\" srcset=\"https:\/\/reihanebrahimi.com\/wp-content\/uploads\/2022\/08\/Reihan-Ebrahimi-Loop-in-Loop03-1.jpg 900w, https:\/\/reihanebrahimi.com\/wp-content\/uploads\/2022\/08\/Reihan-Ebrahimi-Loop-in-Loop03-1-300x300.jpg 300w, https:\/\/reihanebrahimi.com\/wp-content\/uploads\/2022\/08\/Reihan-Ebrahimi-Loop-in-Loop03-1-150x150.jpg 150w, https:\/\/reihanebrahimi.com\/wp-content\/uploads\/2022\/08\/Reihan-Ebrahimi-Loop-in-Loop03-1-768x768.jpg 768w\" sizes=\"(max-width: 800px) 100vw, 800px\" \/><\/a>\n\t\t\t<\/div><\/figure><figure class='gallery-item'>\n\t\t\t<div class='gallery-icon landscape'>\n\t\t\t\t<a data-elementor-open-lightbox=\"yes\" data-elementor-lightbox-slideshow=\"23cc9a6\" data-elementor-lightbox-title=\"Reihan-Ebrahimi-Loop-in-Loop02\" data-e-action-hash=\"#elementor-action%3Aaction%3Dlightbox%26settings%3DeyJpZCI6MzEwLCJ1cmwiOiJodHRwczpcL1wvcmVpaGFuZWJyYWhpbWkuY29tXC93cC1jb250ZW50XC91cGxvYWRzXC8yMDIyXC8wOFwvUmVpaGFuLUVicmFoaW1pLUxvb3AtaW4tTG9vcDAyLTEuanBnIiwic2xpZGVzaG93IjoiMjNjYzlhNiJ9\" href='https:\/\/reihanebrahimi.com\/wp-content\/uploads\/2022\/08\/Reihan-Ebrahimi-Loop-in-Loop02-1.jpg'><img loading=\"lazy\" decoding=\"async\" width=\"800\" height=\"800\" src=\"https:\/\/reihanebrahimi.com\/wp-content\/uploads\/2022\/08\/Reihan-Ebrahimi-Loop-in-Loop02-1.jpg\" class=\"attachment-large size-large\" alt=\"\" srcset=\"https:\/\/reihanebrahimi.com\/wp-content\/uploads\/2022\/08\/Reihan-Ebrahimi-Loop-in-Loop02-1.jpg 900w, https:\/\/reihanebrahimi.com\/wp-content\/uploads\/2022\/08\/Reihan-Ebrahimi-Loop-in-Loop02-1-300x300.jpg 300w, https:\/\/reihanebrahimi.com\/wp-content\/uploads\/2022\/08\/Reihan-Ebrahimi-Loop-in-Loop02-1-150x150.jpg 150w, https:\/\/reihanebrahimi.com\/wp-content\/uploads\/2022\/08\/Reihan-Ebrahimi-Loop-in-Loop02-1-768x768.jpg 768w\" sizes=\"(max-width: 800px) 100vw, 800px\" \/><\/a>\n\t\t\t<\/div><\/figure><figure class='gallery-item'>\n\t\t\t<div class='gallery-icon landscape'>\n\t\t\t\t<a data-elementor-open-lightbox=\"yes\" data-elementor-lightbox-slideshow=\"23cc9a6\" data-elementor-lightbox-title=\"Reihan-Ebrahimi-Loop-in-Loop01\" data-e-action-hash=\"#elementor-action%3Aaction%3Dlightbox%26settings%3DeyJpZCI6MzExLCJ1cmwiOiJodHRwczpcL1wvcmVpaGFuZWJyYWhpbWkuY29tXC93cC1jb250ZW50XC91cGxvYWRzXC8yMDIyXC8wOFwvUmVpaGFuLUVicmFoaW1pLUxvb3AtaW4tTG9vcDAxLTEuanBnIiwic2xpZGVzaG93IjoiMjNjYzlhNiJ9\" href='https:\/\/reihanebrahimi.com\/wp-content\/uploads\/2022\/08\/Reihan-Ebrahimi-Loop-in-Loop01-1.jpg'><img loading=\"lazy\" decoding=\"async\" width=\"800\" height=\"800\" src=\"https:\/\/reihanebrahimi.com\/wp-content\/uploads\/2022\/08\/Reihan-Ebrahimi-Loop-in-Loop01-1.jpg\" class=\"attachment-large size-large\" alt=\"\" srcset=\"https:\/\/reihanebrahimi.com\/wp-content\/uploads\/2022\/08\/Reihan-Ebrahimi-Loop-in-Loop01-1.jpg 900w, https:\/\/reihanebrahimi.com\/wp-content\/uploads\/2022\/08\/Reihan-Ebrahimi-Loop-in-Loop01-1-300x300.jpg 300w, https:\/\/reihanebrahimi.com\/wp-content\/uploads\/2022\/08\/Reihan-Ebrahimi-Loop-in-Loop01-1-150x150.jpg 150w, https:\/\/reihanebrahimi.com\/wp-content\/uploads\/2022\/08\/Reihan-Ebrahimi-Loop-in-Loop01-1-768x768.jpg 768w\" sizes=\"(max-width: 800px) 100vw, 800px\" \/><\/a>\n\t\t\t<\/div><\/figure>\n\t\t<\/div>\n\t\t<\/div>\n\t\t\t\t\t\t<\/div>\n\t\t\t\t<\/div>\n\t\t\t\t\t<\/div>\n\t\t<\/div>\n\t\t\t\t\t<\/div>\n\t\t<\/section>\n\t\t\t\t<section class=\"elementor-section elementor-top-section elementor-element elementor-element-6764f21 elementor-section-boxed elementor-section-height-default elementor-section-height-default\" data-id=\"6764f21\" data-element_type=\"section\" data-e-type=\"section\">\n\t\t\t\t\t\t<div class=\"elementor-container elementor-column-gap-default\">\n\t\t\t\t\t<div class=\"elementor-column elementor-col-100 elementor-top-column elementor-element elementor-element-e00617e\" data-id=\"e00617e\" data-element_type=\"column\" data-e-type=\"column\">\n\t\t\t<div class=\"elementor-widget-wrap elementor-element-populated\">\n\t\t\t\t\t\t<section class=\"elementor-section elementor-inner-section elementor-element elementor-element-55aefe8 elementor-section-boxed elementor-section-height-default elementor-section-height-default\" data-id=\"55aefe8\" data-element_type=\"section\" data-e-type=\"section\">\n\t\t\t\t\t\t<div class=\"elementor-container elementor-column-gap-default\">\n\t\t\t\t\t<div class=\"elementor-column elementor-col-50 elementor-inner-column elementor-element elementor-element-5350ebe\" data-id=\"5350ebe\" data-element_type=\"column\" data-e-type=\"column\">\n\t\t\t<div class=\"elementor-widget-wrap elementor-element-populated\">\n\t\t\t\t\t\t<div class=\"elementor-element elementor-element-50e4d21 elementor-widget elementor-widget-text-editor\" data-id=\"50e4d21\" data-element_type=\"widget\" data-e-type=\"widget\" data-widget_type=\"text-editor.default\">\n\t\t\t\t<div class=\"elementor-widget-container\">\n\t\t\t\t\t\t\t\t\t<p dir=\"ltr\" style=\"line-height: 1.4032462120056153; text-indent: 0.8160018920898438pt; margin: 19.6873779296875pt 9.36260986328125pt 0pt 0.43199920654296875pt;\"><span style=\"font-size: 12pt; font-family: Calibri, sans-serif; color: #454545; font-variant-numeric: normal; font-variant-east-asian: normal; vertical-align: baseline; white-space: pre-wrap;\">Inspired by the Persian spiritual practice, Chelle Nishini (40 days of meditative retreat for self-care in solitude), <\/span><span style=\"font-size: 12pt; font-family: Calibri, sans-serif; color: #454545; font-style: italic; font-variant-numeric: normal; font-variant-east-asian: normal; vertical-align: baseline; white-space: pre-wrap;\">Loop in Loop <\/span><span style=\"font-size: 12pt; font-family: Calibri, sans-serif; color: #454545; font-variant-numeric: normal; font-variant-east-asian: normal; vertical-align: baseline; white-space: pre-wrap;\">is a sculptural documentation of 40 days of interaction with the ceramic piece constructed in the shape of entangled rings. Although the piece is made of solid and fragile material, I designed it as a modular sculpture to be played with.\u00a0<\/span><\/p><p dir=\"ltr\" style=\"line-height: 1.4032462120056153; text-indent: 0.25200653076171875pt; margin: 17.654998779296875pt 0.40411376953125pt 0pt 0.5519943237304688pt;\"><span style=\"font-size: 12pt; font-family: Calibri, sans-serif; color: #454545; font-variant-numeric: normal; font-variant-east-asian: normal; vertical-align: baseline; white-space: pre-wrap;\">Constructed during the first COVID lockdown, and over the course of 40 days, I communicated with the object. Each day, I captured a gesture which reflected my day. This observation became my way of journaling during a period of uncertainty which fluctuated my mood and understanding of the world.\u00a0<\/span><\/p><p dir=\"ltr\" style=\"line-height: 1.4032476425170899; text-indent: -0.34799957275390625pt; padding: 0pt 0pt 0pt 0.34799957275390625pt; margin: 17.654937744140625pt 3.6187744140625pt 0pt 0.7559967041015625pt;\"><span style=\"font-size: 12pt; font-family: Calibri, sans-serif; color: #454545; font-style: italic; font-variant-numeric: normal; font-variant-east-asian: normal; vertical-align: baseline; white-space: pre-wrap;\">Loop in Loop <\/span><span style=\"font-size: 12pt; font-family: Calibri, sans-serif; color: #454545; font-variant-numeric: normal; font-variant-east-asian: normal; vertical-align: baseline; white-space: pre-wrap;\">embarks on an inquiry into the complex relationship between the conscious and unconscious layers of the mind and how it captures time. By displaying the images and presenting the modular object, this installation provides an experiment to reflect the relationship between the existence of infinite possibilities and the conditions that constrain our realities.\u00a0<\/span><\/p><p dir=\"ltr\" style=\"line-height: 1.4032470703125; text-indent: -0.227996826171875pt; padding: 0pt 0pt 0pt 0.227996826171875pt; margin: 17.6549072265625pt 5.13818359375pt 0pt 0.32399749755859375pt;\"><span style=\"font-size: 12pt; font-family: Calibri, sans-serif; color: #454545; font-variant-numeric: normal; font-variant-east-asian: normal; vertical-align: baseline; white-space: pre-wrap;\">The audience is encouraged to engage in a tactile and sonic experience, manipulating the sculpture while paying attention to 40 photographs accompanying the work in various forms or watching a live projection of the manipulation.<\/span><\/p><p dir=\"ltr\" style=\"line-height: 1.2; margin-top: 0pt; margin-bottom: 0pt;\">\u00a0<\/p><div>\u00a0<\/div>\t\t\t\t\t\t\t\t<\/div>\n\t\t\t\t<\/div>\n\t\t\t\t\t<\/div>\n\t\t<\/div>\n\t\t\t\t<div class=\"elementor-column elementor-col-50 elementor-inner-column elementor-element elementor-element-992e4b4\" data-id=\"992e4b4\" data-element_type=\"column\" data-e-type=\"column\">\n\t\t\t<div class=\"elementor-widget-wrap elementor-element-populated\">\n\t\t\t\t\t\t<div class=\"elementor-element elementor-element-fecec85 elementor-widget elementor-widget-text-editor\" data-id=\"fecec85\" data-element_type=\"widget\" data-e-type=\"widget\" data-widget_type=\"text-editor.default\">\n\t\t\t\t<div class=\"elementor-widget-container\">\n\t\t\t\t\t\t\t\t\t<p dir=\"ltr\" style=\"line-height: 1.4032462120056153; text-indent: 0.8160018920898438pt; margin: 19.6873779296875pt 9.36260986328125pt 0pt 0.43199920654296875pt;\"><span style=\"color: #454545; font-family: Calibri, sans-serif; font-size: 12pt; white-space: pre-wrap; text-indent: 1.248pt; font-style: var( --e-global-typography-text-font-style ); font-weight: var( --e-global-typography-text-font-weight ); letter-spacing: var( --e-global-typography-text-letter-spacing ); text-transform: var( --e-global-typography-text-text-transform );\">Inspir\u00e9 par la pratique spirituelle perse, Chelle Nishini (40 jours de retraite m\u00e9ditative pour prendre soin de soi dans la solitude), Loop in Loop est une documentation sculpturale de 40 jours d&#8217;interaction avec la pi\u00e8ce en c\u00e9ramique construite en forme d&#8217;anneaux enchev\u00eatr\u00e9s. Bien que la pi\u00e8ce soit faite d&#8217;un mat\u00e9riau solide et fragile, je l&#8217;ai con\u00e7ue comme une sculpture modulaire avec laquelle on peut jouer.\u00a0<\/span><\/p><p dir=\"ltr\" style=\"line-height: 1.4032479286193846; text-indent: 0.8040008544921875pt; margin-top: 17.65496826171875pt; margin-bottom: 0pt;\"><span style=\"font-size: 12pt; font-family: Calibri, sans-serif; color: #454545; font-variant-numeric: normal; font-variant-east-asian: normal; vertical-align: baseline; white-space: pre-wrap;\">Construite pendant le premier verrouillage du COVID, j&#8217;ai communiqu\u00e9 avec l&#8217;objet pendant 40 jours. Chaque jour, je capturais un geste qui refl\u00e9tait ma journ\u00e9e. Cette observation est devenue ma fa\u00e7on de tenir un journal pendant une p\u00e9riode d&#8217;incertitude qui a fait fluctuer mon humeur et ma compr\u00e9hension du monde.\u00a0<\/span><\/p><p dir=\"ltr\" style=\"line-height: 1.4032462120056153; text-indent: 0.4680023193359375pt; margin: 17.6549072265625pt 3.01678466796875pt 0pt 0.779998779296875pt;\"><span style=\"font-size: 12pt; font-family: Calibri, sans-serif; color: #454545; font-variant-numeric: normal; font-variant-east-asian: normal; vertical-align: baseline; white-space: pre-wrap;\">Loop in Loop s&#8217;engage dans une enqu\u00eate sur la relation complexe entre les couches conscientes et inconscientes de l&#8217;esprit et la fa\u00e7on dont il saisit le temps. En affichant les images et en pr\u00e9sentant l&#8217;objet modulaire, cette installation offre une exp\u00e9rience pour r\u00e9fl\u00e9chir \u00e0 la relation entre l&#8217;existence de possibilit\u00e9s infinies et les conditions qui contraignent nos r\u00e9alit\u00e9s.\u00a0<\/span><\/p><p dir=\"ltr\" style=\"line-height: 1.4032457828521727; text-indent: 0.7919998168945312pt; margin: 17.654998779296875pt 17.47906494140625pt 0pt 0.45600128173828125pt;\"><span style=\"font-size: 12pt; font-family: Calibri, sans-serif; color: #454545; font-variant-numeric: normal; font-variant-east-asian: normal; vertical-align: baseline; white-space: pre-wrap;\">Le public est encourag\u00e9 \u00e0 s&#8217;engager dans une exp\u00e9rience tactile et sonore, en manipulant la sculpture tout en pr\u00eatant attention \u00e0 40 photographies accompagnant l&#8217;<\/span><span style=\"font-size: 12pt; font-family: Arial; color: #454545; font-variant-numeric: normal; font-variant-east-asian: normal; vertical-align: baseline; white-space: pre-wrap;\">\u0153<\/span><span style=\"font-size: 12pt; font-family: Calibri, sans-serif; color: #454545; font-variant-numeric: normal; font-variant-east-asian: normal; vertical-align: baseline; white-space: pre-wrap;\">uvre sous diverses formes ou en regardant une projection en direct de la manipulation.<\/span><\/p><div><span style=\"font-size: 12pt; font-family: Calibri, sans-serif; color: #454545; font-variant-numeric: normal; font-variant-east-asian: normal; vertical-align: baseline; white-space: pre-wrap;\">\u00a0<\/span><\/div>\t\t\t\t\t\t\t\t<\/div>\n\t\t\t\t<\/div>\n\t\t\t\t\t<\/div>\n\t\t<\/div>\n\t\t\t\t\t<\/div>\n\t\t<\/section>\n\t\t\t\t\t<\/div>\n\t\t<\/div>\n\t\t\t\t\t<\/div>\n\t\t<\/section>\n\t\t\t\t<\/div>\n\t\t","protected":false},"excerpt":{"rendered":"<p>Loop in Loop Stoneware and terrasigilata (5x5x3 m) 2021 \u201cGrappling with the chain, I am drawn to reform the twisted knots.\u00a0One structure alters into another.\u00a0I am constantly shifting in the loops.\u00a0My hands untangle the rings, my eyes discover new ones.\u00a0Observing the coils of pain and joy, I dance in time.\u00a0Exploring the infinite possibilities empowers me [&hellip;]<\/p>\n","protected":false},"author":1,"featured_media":0,"parent":0,"menu_order":0,"comment_status":"closed","ping_status":"closed","template":"","meta":{"_coblocks_attr":"","_coblocks_dimensions":"","_coblocks_responsive_height":"","_coblocks_accordion_ie_support":"","footnotes":""},"class_list":["post-296","page","type-page","status-publish","hentry"],"_links":{"self":[{"href":"https:\/\/reihanebrahimi.com\/index.php?rest_route=\/wp\/v2\/pages\/296","targetHints":{"allow":["GET"]}}],"collection":[{"href":"https:\/\/reihanebrahimi.com\/index.php?rest_route=\/wp\/v2\/pages"}],"about":[{"href":"https:\/\/reihanebrahimi.com\/index.php?rest_route=\/wp\/v2\/types\/page"}],"author":[{"embeddable":true,"href":"https:\/\/reihanebrahimi.com\/index.php?rest_route=\/wp\/v2\/users\/1"}],"replies":[{"embeddable":true,"href":"https:\/\/reihanebrahimi.com\/index.php?rest_route=%2Fwp%2Fv2%2Fcomments&post=296"}],"version-history":[{"count":79,"href":"https:\/\/reihanebrahimi.com\/index.php?rest_route=\/wp\/v2\/pages\/296\/revisions"}],"predecessor-version":[{"id":938,"href":"https:\/\/reihanebrahimi.com\/index.php?rest_route=\/wp\/v2\/pages\/296\/revisions\/938"}],"wp:attachment":[{"href":"https:\/\/reihanebrahimi.com\/index.php?rest_route=%2Fwp%2Fv2%2Fmedia&parent=296"}],"curies":[{"name":"wp","href":"https:\/\/api.w.org\/{rel}","templated":true}]}}