{"id":331,"date":"2022-08-15T23:02:07","date_gmt":"2022-08-15T23:02:07","guid":{"rendered":"https:\/\/reihanebrahimi.com\/?page_id=331"},"modified":"2024-12-16T22:28:50","modified_gmt":"2024-12-16T22:28:50","slug":"vessel-series-2","status":"publish","type":"page","link":"https:\/\/reihanebrahimi.com\/?page_id=331","title":{"rendered":"Vessel Series"},"content":{"rendered":"\t\t<div data-elementor-type=\"wp-page\" data-elementor-id=\"331\" class=\"elementor elementor-331\">\n\t\t\t\t\t\t<section class=\"elementor-section elementor-top-section elementor-element elementor-element-524b6fed elementor-section-full_width elementor-section-height-min-height elementor-section-items-stretch elementor-section-content-middle elementor-section-height-default\" data-id=\"524b6fed\" data-element_type=\"section\" data-e-type=\"section\">\n\t\t\t\t\t\t<div class=\"elementor-container elementor-column-gap-no\">\n\t\t\t\t\t<div class=\"elementor-column elementor-col-50 elementor-top-column elementor-element elementor-element-552ca107\" data-id=\"552ca107\" data-element_type=\"column\" data-e-type=\"column\">\n\t\t\t<div class=\"elementor-widget-wrap elementor-element-populated\">\n\t\t\t\t\t\t<div class=\"elementor-element elementor-element-2f21b9f4 elementor-invisible elementor-widget elementor-widget-heading\" data-id=\"2f21b9f4\" data-element_type=\"widget\" data-e-type=\"widget\" data-settings=\"{&quot;_animation&quot;:&quot;fadeIn&quot;,&quot;_animation_delay&quot;:&quot;200&quot;}\" data-widget_type=\"heading.default\">\n\t\t\t\t<div class=\"elementor-widget-container\">\n\t\t\t\t\t<h6 class=\"elementor-heading-title elementor-size-default\">Vessel Series - Untitled 01<\/h6>\t\t\t\t<\/div>\n\t\t\t\t<\/div>\n\t\t\t\t<div class=\"elementor-element elementor-element-f8d6b7c elementor-invisible elementor-widget elementor-widget-heading\" data-id=\"f8d6b7c\" data-element_type=\"widget\" data-e-type=\"widget\" data-settings=\"{&quot;_animation&quot;:&quot;fadeIn&quot;,&quot;_animation_delay&quot;:&quot;200&quot;}\" data-widget_type=\"heading.default\">\n\t\t\t\t<div class=\"elementor-widget-container\">\n\t\t\t\t\t<h3 class=\"elementor-heading-title elementor-size-default\">Glazed Terracotta and Oxide wash <br>\n(20 X 20 X 50 cm)<br>\n2017\n\n<\/h3>\t\t\t\t<\/div>\n\t\t\t\t<\/div>\n\t\t\t\t<div class=\"elementor-element elementor-element-1a803072 elementor-widget-divider--view-line elementor-widget elementor-widget-divider\" data-id=\"1a803072\" data-element_type=\"widget\" data-e-type=\"widget\" data-widget_type=\"divider.default\">\n\t\t\t\t<div class=\"elementor-widget-container\">\n\t\t\t\t\t\t\t<div class=\"elementor-divider\">\n\t\t\t<span class=\"elementor-divider-separator\">\n\t\t\t\t\t\t<\/span>\n\t\t<\/div>\n\t\t\t\t\t\t<\/div>\n\t\t\t\t<\/div>\n\t\t\t\t<div class=\"elementor-element elementor-element-2b8c08ee elementor-widget elementor-widget-text-editor\" data-id=\"2b8c08ee\" data-element_type=\"widget\" data-e-type=\"widget\" data-widget_type=\"text-editor.default\">\n\t\t\t\t<div class=\"elementor-widget-container\">\n\t\t\t\t\t\t\t\t\t<p>What is inside embodies a hidden world that is present but invisible. Sometimes this world could be revealed from an unexpected channel or it could stay silent forever. These hand-built terracotta objects are part of a project called the \u201cvessel series\u201d which is focused around the notions of inside and outside as a metaphor for memory and cultural identity.<br><br>Ce qui est \u00e0 l\u2019int\u00e9rieur incarne un monde cach\u00e9, pr\u00e9sent mais invisible. Parfois, ce monde peut se r\u00e9v\u00e9ler par un canal inattendu, ou rester silencieux pour toujours. Ces objets en terre cuite fa\u00e7onn\u00e9s \u00e0 la main font partie d\u2019un projet intitul\u00e9 \u00ab Vessel Series \u00bb, qui explore les notions d\u2019int\u00e9rieur et d\u2019ext\u00e9rieur comme m\u00e9taphores de la m\u00e9moire et de l\u2019identit\u00e9 culturelle.<\/p>\t\t\t\t\t\t\t\t<\/div>\n\t\t\t\t<\/div>\n\t\t\t\t\t<\/div>\n\t\t<\/div>\n\t\t\t\t<div class=\"elementor-column elementor-col-50 elementor-top-column elementor-element elementor-element-4824ac1d\" data-id=\"4824ac1d\" data-element_type=\"column\" data-e-type=\"column\" data-settings=\"{&quot;background_background&quot;:&quot;classic&quot;}\">\n\t\t\t<div class=\"elementor-widget-wrap elementor-element-populated\">\n\t\t\t\t\t\t<div class=\"elementor-element elementor-element-2dd81e5e elementor-invisible elementor-widget elementor-widget-image\" data-id=\"2dd81e5e\" data-element_type=\"widget\" data-e-type=\"widget\" data-settings=\"{&quot;_animation&quot;:&quot;fadeIn&quot;}\" data-widget_type=\"image.default\">\n\t\t\t\t<div class=\"elementor-widget-container\">\n\t\t\t\t\t\t\t\t\t\t\t\t<figure class=\"wp-caption\">\n\t\t\t\t\t\t\t\t\t\t<img fetchpriority=\"high\" decoding=\"async\" width=\"800\" height=\"800\" src=\"https:\/\/reihanebrahimi.com\/wp-content\/uploads\/2022\/08\/Reihan-Ebrahimi-Untitled-02.jpg\" class=\"attachment-large size-large wp-image-210\" alt=\"\" srcset=\"https:\/\/reihanebrahimi.com\/wp-content\/uploads\/2022\/08\/Reihan-Ebrahimi-Untitled-02.jpg 800w, https:\/\/reihanebrahimi.com\/wp-content\/uploads\/2022\/08\/Reihan-Ebrahimi-Untitled-02-300x300.jpg 300w, https:\/\/reihanebrahimi.com\/wp-content\/uploads\/2022\/08\/Reihan-Ebrahimi-Untitled-02-150x150.jpg 150w, https:\/\/reihanebrahimi.com\/wp-content\/uploads\/2022\/08\/Reihan-Ebrahimi-Untitled-02-768x768.jpg 768w\" sizes=\"(max-width: 800px) 100vw, 800px\" \/>\t\t\t\t\t\t\t\t\t\t\t<figcaption class=\"widget-image-caption wp-caption-text\"><\/figcaption>\n\t\t\t\t\t\t\t\t\t\t<\/figure>\n\t\t\t\t\t\t\t\t\t<\/div>\n\t\t\t\t<\/div>\n\t\t\t\t\t<\/div>\n\t\t<\/div>\n\t\t\t\t\t<\/div>\n\t\t<\/section>\n\t\t\t\t<section class=\"elementor-section elementor-top-section elementor-element elementor-element-af31daa elementor-section-boxed elementor-section-height-default elementor-section-height-default\" data-id=\"af31daa\" data-element_type=\"section\" data-e-type=\"section\">\n\t\t\t\t\t\t<div class=\"elementor-container elementor-column-gap-default\">\n\t\t\t\t\t<div class=\"elementor-column elementor-col-100 elementor-top-column elementor-element elementor-element-6c7e399\" data-id=\"6c7e399\" data-element_type=\"column\" data-e-type=\"column\">\n\t\t\t<div class=\"elementor-widget-wrap elementor-element-populated\">\n\t\t\t\t\t\t<div class=\"elementor-element elementor-element-2fcd767 elementor-widget elementor-widget-image\" data-id=\"2fcd767\" data-element_type=\"widget\" data-e-type=\"widget\" data-widget_type=\"image.default\">\n\t\t\t\t<div class=\"elementor-widget-container\">\n\t\t\t\t\t\t\t\t\t\t\t\t<figure class=\"wp-caption\">\n\t\t\t\t\t\t\t\t\t\t<img decoding=\"async\" width=\"1200\" height=\"634\" src=\"https:\/\/reihanebrahimi.com\/wp-content\/uploads\/2022\/08\/Reihan-Ebrahimi-Untitled-2.jpeg\" class=\"attachment-full size-full wp-image-220\" alt=\"\" srcset=\"https:\/\/reihanebrahimi.com\/wp-content\/uploads\/2022\/08\/Reihan-Ebrahimi-Untitled-2.jpeg 1200w, https:\/\/reihanebrahimi.com\/wp-content\/uploads\/2022\/08\/Reihan-Ebrahimi-Untitled-2-300x159.jpeg 300w, https:\/\/reihanebrahimi.com\/wp-content\/uploads\/2022\/08\/Reihan-Ebrahimi-Untitled-2-1024x541.jpeg 1024w, https:\/\/reihanebrahimi.com\/wp-content\/uploads\/2022\/08\/Reihan-Ebrahimi-Untitled-2-768x406.jpeg 768w\" sizes=\"(max-width: 1200px) 100vw, 1200px\" \/>\t\t\t\t\t\t\t\t\t\t\t<figcaption class=\"widget-image-caption wp-caption-text\"><\/figcaption>\n\t\t\t\t\t\t\t\t\t\t<\/figure>\n\t\t\t\t\t\t\t\t\t<\/div>\n\t\t\t\t<\/div>\n\t\t\t\t\t<\/div>\n\t\t<\/div>\n\t\t\t\t\t<\/div>\n\t\t<\/section>\n\t\t\t\t<\/div>\n\t\t","protected":false},"excerpt":{"rendered":"<p>Vessel Series &#8211; Untitled 01 Glazed Terracotta and Oxide wash (20 X 20 X 50 cm) 2017 What is inside embodies a hidden world that is present but invisible. Sometimes this world could be revealed from an unexpected channel or it could stay silent forever. These hand-built terracotta objects are part of a project called [&hellip;]<\/p>\n","protected":false},"author":1,"featured_media":0,"parent":0,"menu_order":0,"comment_status":"closed","ping_status":"closed","template":"","meta":{"_coblocks_attr":"","_coblocks_dimensions":"","_coblocks_responsive_height":"","_coblocks_accordion_ie_support":"","footnotes":""},"class_list":["post-331","page","type-page","status-publish","hentry"],"_links":{"self":[{"href":"https:\/\/reihanebrahimi.com\/index.php?rest_route=\/wp\/v2\/pages\/331","targetHints":{"allow":["GET"]}}],"collection":[{"href":"https:\/\/reihanebrahimi.com\/index.php?rest_route=\/wp\/v2\/pages"}],"about":[{"href":"https:\/\/reihanebrahimi.com\/index.php?rest_route=\/wp\/v2\/types\/page"}],"author":[{"embeddable":true,"href":"https:\/\/reihanebrahimi.com\/index.php?rest_route=\/wp\/v2\/users\/1"}],"replies":[{"embeddable":true,"href":"https:\/\/reihanebrahimi.com\/index.php?rest_route=%2Fwp%2Fv2%2Fcomments&post=331"}],"version-history":[{"count":28,"href":"https:\/\/reihanebrahimi.com\/index.php?rest_route=\/wp\/v2\/pages\/331\/revisions"}],"predecessor-version":[{"id":1427,"href":"https:\/\/reihanebrahimi.com\/index.php?rest_route=\/wp\/v2\/pages\/331\/revisions\/1427"}],"wp:attachment":[{"href":"https:\/\/reihanebrahimi.com\/index.php?rest_route=%2Fwp%2Fv2%2Fmedia&parent=331"}],"curies":[{"name":"wp","href":"https:\/\/api.w.org\/{rel}","templated":true}]}}