{"id":556,"date":"2022-08-17T03:27:08","date_gmt":"2022-08-17T03:27:08","guid":{"rendered":"https:\/\/reihanebrahimi.com\/?page_id=556"},"modified":"2024-12-16T22:24:07","modified_gmt":"2024-12-16T22:24:07","slug":"wordless","status":"publish","type":"page","link":"https:\/\/reihanebrahimi.com\/?page_id=556","title":{"rendered":"Wordless"},"content":{"rendered":"\t\t<div data-elementor-type=\"wp-page\" data-elementor-id=\"556\" class=\"elementor elementor-556\">\n\t\t\t\t\t\t<section class=\"elementor-section elementor-top-section elementor-element elementor-element-524b6fed elementor-section-full_width elementor-section-height-min-height elementor-section-items-stretch elementor-section-content-middle elementor-section-height-default\" data-id=\"524b6fed\" data-element_type=\"section\" data-e-type=\"section\">\n\t\t\t\t\t\t<div class=\"elementor-container elementor-column-gap-no\">\n\t\t\t\t\t<div class=\"elementor-column elementor-col-50 elementor-top-column elementor-element elementor-element-552ca107\" data-id=\"552ca107\" data-element_type=\"column\" data-e-type=\"column\">\n\t\t\t<div class=\"elementor-widget-wrap elementor-element-populated\">\n\t\t\t\t\t\t<div class=\"elementor-element elementor-element-2f21b9f4 elementor-invisible elementor-widget elementor-widget-heading\" data-id=\"2f21b9f4\" data-element_type=\"widget\" data-e-type=\"widget\" data-settings=\"{&quot;_animation&quot;:&quot;fadeIn&quot;,&quot;_animation_delay&quot;:&quot;200&quot;}\" data-widget_type=\"heading.default\">\n\t\t\t\t<div class=\"elementor-widget-container\">\n\t\t\t\t\t<h6 class=\"elementor-heading-title elementor-size-default\">Wordless<\/h6>\t\t\t\t<\/div>\n\t\t\t\t<\/div>\n\t\t\t\t<div class=\"elementor-element elementor-element-4b7d7a4 elementor-invisible elementor-widget elementor-widget-heading\" data-id=\"4b7d7a4\" data-element_type=\"widget\" data-e-type=\"widget\" data-settings=\"{&quot;_animation&quot;:&quot;fadeIn&quot;,&quot;_animation_delay&quot;:&quot;200&quot;}\" data-widget_type=\"heading.default\">\n\t\t\t\t<div class=\"elementor-widget-container\">\n\t\t\t\t\t<h3 class=\"elementor-heading-title elementor-size-default\">Glazed Stoneware <br>\n6m x4m x 70 cm<br>\n2022<\/h3>\t\t\t\t<\/div>\n\t\t\t\t<\/div>\n\t\t\t\t<div class=\"elementor-element elementor-element-1a803072 elementor-widget-divider--view-line elementor-widget elementor-widget-divider\" data-id=\"1a803072\" data-element_type=\"widget\" data-e-type=\"widget\" data-widget_type=\"divider.default\">\n\t\t\t\t<div class=\"elementor-widget-container\">\n\t\t\t\t\t\t\t<div class=\"elementor-divider\">\n\t\t\t<span class=\"elementor-divider-separator\">\n\t\t\t\t\t\t<\/span>\n\t\t<\/div>\n\t\t\t\t\t\t<\/div>\n\t\t\t\t<\/div>\n\t\t\t\t<div class=\"elementor-element elementor-element-9048846 elementor-widget elementor-widget-text-editor\" data-id=\"9048846\" data-element_type=\"widget\" data-e-type=\"widget\" data-widget_type=\"text-editor.default\">\n\t\t\t\t<div class=\"elementor-widget-container\">\n\t\t\t\t\t\t\t\t\t<p>Lingering in the Mist<\/p><p><em>\u2018\u2019There was a time when the world was covered in mist<\/em><br \/><em>Our memories of the past were fading like this\u00a0<\/em><\/p><p><i><br \/><\/i><em>The blood branch of our trees tore up in the dark<\/em><br \/><em>The brokenness of the voiceless echoed in the dust<\/em><\/p><p><i><br \/><\/i><em>Surrounded by the blurry walls of the mist <\/em><br \/><em>I thought to myself, how will these people feast?<\/em><\/p><p><i><br \/><\/i><em>Are they unchained by leaving the maze? <\/em><br \/><em>The remaining ones wondering the gaze!<\/em><\/p><p><i><br \/><\/i><em>Digging the earth, the wisdom of the flames <\/em><br \/><em>The old land\u2019s destiny will be glazed<\/em><\/p><p><i><br \/><\/i><em>Till the spring of time, I will linger in the mist<\/em><br \/><em>The dancing of the dreamers will be my feast.\u2019\u2019<\/em><\/p>\t\t\t\t\t\t\t\t<\/div>\n\t\t\t\t<\/div>\n\t\t\t\t\t<\/div>\n\t\t<\/div>\n\t\t\t\t<div class=\"elementor-column elementor-col-50 elementor-top-column elementor-element elementor-element-4824ac1d\" data-id=\"4824ac1d\" data-element_type=\"column\" data-e-type=\"column\" data-settings=\"{&quot;background_background&quot;:&quot;classic&quot;}\">\n\t\t\t<div class=\"elementor-widget-wrap elementor-element-populated\">\n\t\t\t\t\t\t<div class=\"elementor-element elementor-element-2dd81e5e elementor-widget elementor-widget-image\" data-id=\"2dd81e5e\" data-element_type=\"widget\" data-e-type=\"widget\" data-widget_type=\"image.default\">\n\t\t\t\t<div class=\"elementor-widget-container\">\n\t\t\t\t\t\t\t\t\t\t\t\t\t\t\t<img fetchpriority=\"high\" decoding=\"async\" width=\"800\" height=\"600\" src=\"https:\/\/reihanebrahimi.com\/wp-content\/uploads\/2022\/08\/Reihan-Ebrahimi-Wordless-01-1024x768.jpg\" class=\"attachment-large size-large wp-image-566\" alt=\"\" srcset=\"https:\/\/reihanebrahimi.com\/wp-content\/uploads\/2022\/08\/Reihan-Ebrahimi-Wordless-01-1024x768.jpg 1024w, https:\/\/reihanebrahimi.com\/wp-content\/uploads\/2022\/08\/Reihan-Ebrahimi-Wordless-01-300x225.jpg 300w, https:\/\/reihanebrahimi.com\/wp-content\/uploads\/2022\/08\/Reihan-Ebrahimi-Wordless-01-768x576.jpg 768w, https:\/\/reihanebrahimi.com\/wp-content\/uploads\/2022\/08\/Reihan-Ebrahimi-Wordless-01.jpg 1200w\" sizes=\"(max-width: 800px) 100vw, 800px\" \/>\t\t\t\t\t\t\t\t\t\t\t\t\t\t\t<\/div>\n\t\t\t\t<\/div>\n\t\t\t\t\t<\/div>\n\t\t<\/div>\n\t\t\t\t\t<\/div>\n\t\t<\/section>\n\t\t\t\t<section class=\"elementor-section elementor-top-section elementor-element elementor-element-01632d6 elementor-section-boxed elementor-section-height-default elementor-section-height-default\" data-id=\"01632d6\" data-element_type=\"section\" data-e-type=\"section\">\n\t\t\t\t\t\t<div class=\"elementor-container elementor-column-gap-default\">\n\t\t\t\t\t<div class=\"elementor-column elementor-col-100 elementor-top-column elementor-element elementor-element-96645c8\" data-id=\"96645c8\" data-element_type=\"column\" data-e-type=\"column\">\n\t\t\t<div class=\"elementor-widget-wrap elementor-element-populated\">\n\t\t\t\t\t\t<section class=\"elementor-section elementor-inner-section elementor-element elementor-element-650b5d3 elementor-section-boxed elementor-section-height-default elementor-section-height-default\" data-id=\"650b5d3\" data-element_type=\"section\" data-e-type=\"section\">\n\t\t\t\t\t\t<div class=\"elementor-container elementor-column-gap-default\">\n\t\t\t\t\t<div class=\"elementor-column elementor-col-100 elementor-inner-column elementor-element elementor-element-efec9f1\" data-id=\"efec9f1\" data-element_type=\"column\" data-e-type=\"column\">\n\t\t\t<div class=\"elementor-widget-wrap elementor-element-populated\">\n\t\t\t\t\t\t<div class=\"elementor-element elementor-element-99376a2 elementor-widget__width-initial elementor-widget elementor-widget-text-editor\" data-id=\"99376a2\" data-element_type=\"widget\" data-e-type=\"widget\" data-widget_type=\"text-editor.default\">\n\t\t\t\t<div class=\"elementor-widget-container\">\n\t\t\t\t\t\t\t\t\t<p><i><span style=\"font-weight: 400;\">\u201cWordless\u201d <\/span><\/i><span style=\"font-weight: 400;\">is inspired by the archeological artifacts called \u201ceye idols\u201d found in the vast area of West Asia. It seeks to create a parallel narrative between the decontextualized dissemination of the eye figurines in different museums and the histories of displaced people in the so called &#8220;Middle East&#8221;. This installation represents the critical condition of separating people from their homelands.\u00a0<\/span><\/p><p><span style=\"font-weight: 400;\">Focusing on the bewildered eyes and indescribable feelings of voiceless figurines, the apocalyptic landscape of the installation aims to evoke a sense of displacement and estrangement suspended in time and space. \u201cWordless provokes criticism of overlooked historical and geopolitical reasons behind continuously normalized war consequences. The <\/span><i><span style=\"font-weight: 400;\">\u201cWorldless\u201d <\/span><\/i><span style=\"font-weight: 400;\">project is supported by the Canada Council for the Arts and Alliance program.\u00a0\u00a0<br \/><br \/><\/span><\/p><p>\u00a0<\/p><p>\u00a0<\/p><p>\u00ab <em>Wordless<\/em> \u00bb s\u2019inspire des artefacts arch\u00e9ologiques appel\u00e9s \u00ab idoles aux yeux \u00bb d\u00e9couverts dans la vaste r\u00e9gion de l\u2019Asie de l\u2019Ouest. Ce projet vise \u00e0 \u00e9tablir un r\u00e9cit parall\u00e8le entre la diss\u00e9mination d\u00e9contextualis\u00e9e de ces figurines dans diff\u00e9rents mus\u00e9es et les histoires de personnes d\u00e9plac\u00e9es au sein de ce que l\u2019on appelle le \u00ab Moyen-Orient \u00bb. Cette installation refl\u00e8te la condition critique de la s\u00e9paration des peuples de leurs terres natales.<\/p><p>En mettant l\u2019accent sur les regards \u00e9gar\u00e9s et les \u00e9motions indescriptibles des figurines sans voix, le paysage apocalyptique de l\u2019installation cherche \u00e0 \u00e9voquer un sentiment de d\u00e9placement et d\u2019\u00e9tranget\u00e9, suspendu dans le temps et l\u2019espace. <em>Wordless<\/em> suscite une r\u00e9flexion critique sur les raisons historiques et g\u00e9opolitiques souvent ignor\u00e9es qui sous-tendent les cons\u00e9quences des guerres continuellement normalis\u00e9es. Ce projet est soutenu par le Conseil des arts du Canada et le programme Alliance.<\/p><p><span style=\"font-weight: 400;\">\u00a0<\/span><\/p><p>\u00a0<\/p>\t\t\t\t\t\t\t\t<\/div>\n\t\t\t\t<\/div>\n\t\t\t\t\t<\/div>\n\t\t<\/div>\n\t\t\t\t\t<\/div>\n\t\t<\/section>\n\t\t\t\t\t<\/div>\n\t\t<\/div>\n\t\t\t\t\t<\/div>\n\t\t<\/section>\n\t\t\t\t<section class=\"elementor-section elementor-top-section elementor-element elementor-element-294b128 elementor-section-boxed elementor-section-height-default elementor-section-height-default\" data-id=\"294b128\" data-element_type=\"section\" data-e-type=\"section\">\n\t\t\t\t\t\t<div class=\"elementor-container elementor-column-gap-default\">\n\t\t\t\t\t<div class=\"elementor-column elementor-col-100 elementor-top-column elementor-element elementor-element-d85a695\" data-id=\"d85a695\" data-element_type=\"column\" data-e-type=\"column\">\n\t\t\t<div class=\"elementor-widget-wrap elementor-element-populated\">\n\t\t\t\t\t\t<div class=\"elementor-element elementor-element-b56f7a6 gallery-spacing-custom elementor-widget elementor-widget-image-gallery\" data-id=\"b56f7a6\" data-element_type=\"widget\" data-e-type=\"widget\" data-widget_type=\"image-gallery.default\">\n\t\t\t\t<div class=\"elementor-widget-container\">\n\t\t\t\t\t\t\t<div class=\"elementor-image-gallery\">\n\t\t\t<div id='gallery-1' class='gallery galleryid-556 gallery-columns-2 gallery-size-large'><figure class='gallery-item'>\n\t\t\t<div class='gallery-icon landscape'>\n\t\t\t\t<a data-elementor-open-lightbox=\"yes\" data-elementor-lightbox-slideshow=\"b56f7a6\" data-elementor-lightbox-title=\"Wordless_Reihan-Ebrahimi-01\" data-e-action-hash=\"#elementor-action%3Aaction%3Dlightbox%26settings%3DeyJpZCI6OTQ1LCJ1cmwiOiJodHRwczpcL1wvcmVpaGFuZWJyYWhpbWkuY29tXC93cC1jb250ZW50XC91cGxvYWRzXC8yMDIzXC8wMVwvV29yZGxlc3NfUmVpaGFuLUVicmFoaW1pLTAxLTIuanBnIiwic2xpZGVzaG93IjoiYjU2ZjdhNiJ9\" href='https:\/\/reihanebrahimi.com\/wp-content\/uploads\/2023\/01\/Wordless_Reihan-Ebrahimi-01-2.jpg'><img decoding=\"async\" width=\"800\" height=\"450\" src=\"https:\/\/reihanebrahimi.com\/wp-content\/uploads\/2023\/01\/Wordless_Reihan-Ebrahimi-01-2-1024x576.jpg\" class=\"attachment-large size-large\" alt=\"\" srcset=\"https:\/\/reihanebrahimi.com\/wp-content\/uploads\/2023\/01\/Wordless_Reihan-Ebrahimi-01-2-1024x576.jpg 1024w, https:\/\/reihanebrahimi.com\/wp-content\/uploads\/2023\/01\/Wordless_Reihan-Ebrahimi-01-2-300x169.jpg 300w, https:\/\/reihanebrahimi.com\/wp-content\/uploads\/2023\/01\/Wordless_Reihan-Ebrahimi-01-2-768x432.jpg 768w, https:\/\/reihanebrahimi.com\/wp-content\/uploads\/2023\/01\/Wordless_Reihan-Ebrahimi-01-2-1536x864.jpg 1536w, https:\/\/reihanebrahimi.com\/wp-content\/uploads\/2023\/01\/Wordless_Reihan-Ebrahimi-01-2.jpg 1600w\" sizes=\"(max-width: 800px) 100vw, 800px\" \/><\/a>\n\t\t\t<\/div><\/figure><figure class='gallery-item'>\n\t\t\t<div class='gallery-icon landscape'>\n\t\t\t\t<a data-elementor-open-lightbox=\"yes\" data-elementor-lightbox-slideshow=\"b56f7a6\" data-elementor-lightbox-title=\"Wordless_Reihan-Ebrahimi-10\" data-e-action-hash=\"#elementor-action%3Aaction%3Dlightbox%26settings%3DeyJpZCI6OTY3LCJ1cmwiOiJodHRwczpcL1wvcmVpaGFuZWJyYWhpbWkuY29tXC93cC1jb250ZW50XC91cGxvYWRzXC8yMDIzXC8wMVwvV29yZGxlc3NfUmVpaGFuLUVicmFoaW1pLTEwLmpwZyIsInNsaWRlc2hvdyI6ImI1NmY3YTYifQ%3D%3D\" href='https:\/\/reihanebrahimi.com\/wp-content\/uploads\/2023\/01\/Wordless_Reihan-Ebrahimi-10.jpg'><img decoding=\"async\" width=\"800\" height=\"450\" src=\"https:\/\/reihanebrahimi.com\/wp-content\/uploads\/2023\/01\/Wordless_Reihan-Ebrahimi-10-1024x576.jpg\" class=\"attachment-large size-large\" alt=\"\" srcset=\"https:\/\/reihanebrahimi.com\/wp-content\/uploads\/2023\/01\/Wordless_Reihan-Ebrahimi-10-1024x576.jpg 1024w, https:\/\/reihanebrahimi.com\/wp-content\/uploads\/2023\/01\/Wordless_Reihan-Ebrahimi-10-300x169.jpg 300w, https:\/\/reihanebrahimi.com\/wp-content\/uploads\/2023\/01\/Wordless_Reihan-Ebrahimi-10-768x432.jpg 768w, https:\/\/reihanebrahimi.com\/wp-content\/uploads\/2023\/01\/Wordless_Reihan-Ebrahimi-10-1536x864.jpg 1536w, https:\/\/reihanebrahimi.com\/wp-content\/uploads\/2023\/01\/Wordless_Reihan-Ebrahimi-10.jpg 1600w\" sizes=\"(max-width: 800px) 100vw, 800px\" \/><\/a>\n\t\t\t<\/div><\/figure><figure class='gallery-item'>\n\t\t\t<div class='gallery-icon landscape'>\n\t\t\t\t<a data-elementor-open-lightbox=\"yes\" data-elementor-lightbox-slideshow=\"b56f7a6\" data-elementor-lightbox-title=\"Wordless_Reihan-Ebrahimi-021\" data-e-action-hash=\"#elementor-action%3Aaction%3Dlightbox%26settings%3DeyJpZCI6OTQ2LCJ1cmwiOiJodHRwczpcL1wvcmVpaGFuZWJyYWhpbWkuY29tXC93cC1jb250ZW50XC91cGxvYWRzXC8yMDIzXC8wMVwvV29yZGxlc3NfUmVpaGFuLUVicmFoaW1pLTAyMS5qcGciLCJzbGlkZXNob3ciOiJiNTZmN2E2In0%3D\" href='https:\/\/reihanebrahimi.com\/wp-content\/uploads\/2023\/01\/Wordless_Reihan-Ebrahimi-021.jpg'><img loading=\"lazy\" decoding=\"async\" width=\"800\" height=\"450\" src=\"https:\/\/reihanebrahimi.com\/wp-content\/uploads\/2023\/01\/Wordless_Reihan-Ebrahimi-021-1024x576.jpg\" class=\"attachment-large size-large\" alt=\"\" srcset=\"https:\/\/reihanebrahimi.com\/wp-content\/uploads\/2023\/01\/Wordless_Reihan-Ebrahimi-021-1024x576.jpg 1024w, https:\/\/reihanebrahimi.com\/wp-content\/uploads\/2023\/01\/Wordless_Reihan-Ebrahimi-021-300x169.jpg 300w, https:\/\/reihanebrahimi.com\/wp-content\/uploads\/2023\/01\/Wordless_Reihan-Ebrahimi-021-768x432.jpg 768w, https:\/\/reihanebrahimi.com\/wp-content\/uploads\/2023\/01\/Wordless_Reihan-Ebrahimi-021-1536x864.jpg 1536w, https:\/\/reihanebrahimi.com\/wp-content\/uploads\/2023\/01\/Wordless_Reihan-Ebrahimi-021.jpg 1600w\" sizes=\"(max-width: 800px) 100vw, 800px\" \/><\/a>\n\t\t\t<\/div><\/figure><figure class='gallery-item'>\n\t\t\t<div class='gallery-icon landscape'>\n\t\t\t\t<a data-elementor-open-lightbox=\"yes\" data-elementor-lightbox-slideshow=\"b56f7a6\" data-elementor-lightbox-title=\"Wordless_Reihan-Ebrahimi-03\" data-e-action-hash=\"#elementor-action%3Aaction%3Dlightbox%26settings%3DeyJpZCI6OTQ3LCJ1cmwiOiJodHRwczpcL1wvcmVpaGFuZWJyYWhpbWkuY29tXC93cC1jb250ZW50XC91cGxvYWRzXC8yMDIzXC8wMVwvV29yZGxlc3NfUmVpaGFuLUVicmFoaW1pLTAzLmpwZyIsInNsaWRlc2hvdyI6ImI1NmY3YTYifQ%3D%3D\" href='https:\/\/reihanebrahimi.com\/wp-content\/uploads\/2023\/01\/Wordless_Reihan-Ebrahimi-03.jpg'><img loading=\"lazy\" decoding=\"async\" width=\"800\" height=\"450\" src=\"https:\/\/reihanebrahimi.com\/wp-content\/uploads\/2023\/01\/Wordless_Reihan-Ebrahimi-03-1024x576.jpg\" class=\"attachment-large size-large\" alt=\"\" srcset=\"https:\/\/reihanebrahimi.com\/wp-content\/uploads\/2023\/01\/Wordless_Reihan-Ebrahimi-03-1024x576.jpg 1024w, https:\/\/reihanebrahimi.com\/wp-content\/uploads\/2023\/01\/Wordless_Reihan-Ebrahimi-03-300x169.jpg 300w, https:\/\/reihanebrahimi.com\/wp-content\/uploads\/2023\/01\/Wordless_Reihan-Ebrahimi-03-768x432.jpg 768w, https:\/\/reihanebrahimi.com\/wp-content\/uploads\/2023\/01\/Wordless_Reihan-Ebrahimi-03-1536x864.jpg 1536w, https:\/\/reihanebrahimi.com\/wp-content\/uploads\/2023\/01\/Wordless_Reihan-Ebrahimi-03.jpg 1600w\" sizes=\"(max-width: 800px) 100vw, 800px\" \/><\/a>\n\t\t\t<\/div><\/figure><figure class='gallery-item'>\n\t\t\t<div class='gallery-icon landscape'>\n\t\t\t\t<a data-elementor-open-lightbox=\"yes\" data-elementor-lightbox-slideshow=\"b56f7a6\" data-elementor-lightbox-title=\"Wordless_Reihan-Ebrahimi-06\" data-e-action-hash=\"#elementor-action%3Aaction%3Dlightbox%26settings%3DeyJpZCI6OTUwLCJ1cmwiOiJodHRwczpcL1wvcmVpaGFuZWJyYWhpbWkuY29tXC93cC1jb250ZW50XC91cGxvYWRzXC8yMDIzXC8wMVwvV29yZGxlc3NfUmVpaGFuLUVicmFoaW1pLTA2LmpwZyIsInNsaWRlc2hvdyI6ImI1NmY3YTYifQ%3D%3D\" href='https:\/\/reihanebrahimi.com\/wp-content\/uploads\/2023\/01\/Wordless_Reihan-Ebrahimi-06.jpg'><img loading=\"lazy\" decoding=\"async\" width=\"800\" height=\"450\" src=\"https:\/\/reihanebrahimi.com\/wp-content\/uploads\/2023\/01\/Wordless_Reihan-Ebrahimi-06-1024x576.jpg\" class=\"attachment-large size-large\" alt=\"\" srcset=\"https:\/\/reihanebrahimi.com\/wp-content\/uploads\/2023\/01\/Wordless_Reihan-Ebrahimi-06-1024x576.jpg 1024w, https:\/\/reihanebrahimi.com\/wp-content\/uploads\/2023\/01\/Wordless_Reihan-Ebrahimi-06-300x169.jpg 300w, https:\/\/reihanebrahimi.com\/wp-content\/uploads\/2023\/01\/Wordless_Reihan-Ebrahimi-06-768x432.jpg 768w, https:\/\/reihanebrahimi.com\/wp-content\/uploads\/2023\/01\/Wordless_Reihan-Ebrahimi-06-1536x864.jpg 1536w, https:\/\/reihanebrahimi.com\/wp-content\/uploads\/2023\/01\/Wordless_Reihan-Ebrahimi-06.jpg 1600w\" sizes=\"(max-width: 800px) 100vw, 800px\" \/><\/a>\n\t\t\t<\/div><\/figure><figure class='gallery-item'>\n\t\t\t<div class='gallery-icon landscape'>\n\t\t\t\t<a data-elementor-open-lightbox=\"yes\" data-elementor-lightbox-slideshow=\"b56f7a6\" data-elementor-lightbox-title=\"Wordless_Reihan-Ebrahimi-05\" data-e-action-hash=\"#elementor-action%3Aaction%3Dlightbox%26settings%3DeyJpZCI6OTQ5LCJ1cmwiOiJodHRwczpcL1wvcmVpaGFuZWJyYWhpbWkuY29tXC93cC1jb250ZW50XC91cGxvYWRzXC8yMDIzXC8wMVwvV29yZGxlc3NfUmVpaGFuLUVicmFoaW1pLTA1LmpwZyIsInNsaWRlc2hvdyI6ImI1NmY3YTYifQ%3D%3D\" href='https:\/\/reihanebrahimi.com\/wp-content\/uploads\/2023\/01\/Wordless_Reihan-Ebrahimi-05.jpg'><img loading=\"lazy\" decoding=\"async\" width=\"800\" height=\"450\" src=\"https:\/\/reihanebrahimi.com\/wp-content\/uploads\/2023\/01\/Wordless_Reihan-Ebrahimi-05-1024x576.jpg\" class=\"attachment-large size-large\" alt=\"\" srcset=\"https:\/\/reihanebrahimi.com\/wp-content\/uploads\/2023\/01\/Wordless_Reihan-Ebrahimi-05-1024x576.jpg 1024w, https:\/\/reihanebrahimi.com\/wp-content\/uploads\/2023\/01\/Wordless_Reihan-Ebrahimi-05-300x169.jpg 300w, https:\/\/reihanebrahimi.com\/wp-content\/uploads\/2023\/01\/Wordless_Reihan-Ebrahimi-05-768x432.jpg 768w, https:\/\/reihanebrahimi.com\/wp-content\/uploads\/2023\/01\/Wordless_Reihan-Ebrahimi-05-1536x864.jpg 1536w, https:\/\/reihanebrahimi.com\/wp-content\/uploads\/2023\/01\/Wordless_Reihan-Ebrahimi-05.jpg 1600w\" sizes=\"(max-width: 800px) 100vw, 800px\" \/><\/a>\n\t\t\t<\/div><\/figure>\n\t\t<\/div>\n\t\t<\/div>\n\t\t\t\t\t\t<\/div>\n\t\t\t\t<\/div>\n\t\t\t\t\t<\/div>\n\t\t<\/div>\n\t\t\t\t\t<\/div>\n\t\t<\/section>\n\t\t\t\t<\/div>\n\t\t","protected":false},"excerpt":{"rendered":"<p>Wordless Glazed Stoneware 6m x4m x 70 cm 2022 Lingering in the Mist \u2018\u2019There was a time when the world was covered in mistOur memories of the past were fading like this\u00a0 The blood branch of our trees tore up in the darkThe brokenness of the voiceless echoed in the dust Surrounded by the blurry [&hellip;]<\/p>\n","protected":false},"author":1,"featured_media":0,"parent":0,"menu_order":0,"comment_status":"closed","ping_status":"closed","template":"","meta":{"_coblocks_attr":"","_coblocks_dimensions":"","_coblocks_responsive_height":"","_coblocks_accordion_ie_support":"","footnotes":""},"class_list":["post-556","page","type-page","status-publish","hentry"],"_links":{"self":[{"href":"https:\/\/reihanebrahimi.com\/index.php?rest_route=\/wp\/v2\/pages\/556","targetHints":{"allow":["GET"]}}],"collection":[{"href":"https:\/\/reihanebrahimi.com\/index.php?rest_route=\/wp\/v2\/pages"}],"about":[{"href":"https:\/\/reihanebrahimi.com\/index.php?rest_route=\/wp\/v2\/types\/page"}],"author":[{"embeddable":true,"href":"https:\/\/reihanebrahimi.com\/index.php?rest_route=\/wp\/v2\/users\/1"}],"replies":[{"embeddable":true,"href":"https:\/\/reihanebrahimi.com\/index.php?rest_route=%2Fwp%2Fv2%2Fcomments&post=556"}],"version-history":[{"count":67,"href":"https:\/\/reihanebrahimi.com\/index.php?rest_route=\/wp\/v2\/pages\/556\/revisions"}],"predecessor-version":[{"id":1418,"href":"https:\/\/reihanebrahimi.com\/index.php?rest_route=\/wp\/v2\/pages\/556\/revisions\/1418"}],"wp:attachment":[{"href":"https:\/\/reihanebrahimi.com\/index.php?rest_route=%2Fwp%2Fv2%2Fmedia&parent=556"}],"curies":[{"name":"wp","href":"https:\/\/api.w.org\/{rel}","templated":true}]}}